{"id":54,"date":"2020-10-10T17:42:29","date_gmt":"2020-10-10T15:42:29","guid":{"rendered":"http:\/\/transporte-maly.de\/?page_id=54"},"modified":"2020-10-10T18:31:54","modified_gmt":"2020-10-10T16:31:54","slug":"impressum","status":"publish","type":"page","link":"https:\/\/transporte-maly.de\/?page_id=54","title":{"rendered":"Impressum"},"content":{"rendered":"\n<p><br>Diese Seite wird betrieben von:<br>Transporte Maly GmbH<br>Gutenbergstra\u00dfe 6<br>93128 Regenstauf<br>Tel.: +49 (0) 9402 &#8211; 2542<br>Fax: +49 (0) 9402 &#8211; 4415<br>E-Mail: dm@Transporte-Maly.de<br>Internet: http:\/\/www.Transporte-Maly.de<br>Inhaber: Dieter Maly<\/p>\n\n\n\n<p>Eingetragen im Handelsregister Regensburg HRB<br>Betriebsnummer HRB7666<br>USt-Id-Nr. DE133632965<\/p>\n\n\n\n<p>Disclaimer:<br>Trotz sorgf\u00e4ltiger inhaltlicher Kontrolle \u00fcbernimmt der Betreiber keine Haftung f\u00fcr die Inhalte fremder Seiten, die \u00fcber<br>diese Seiten erreichbar sind. F\u00fcr den Inhalt der verlinkten Seiten sind ausschlie\u00dflich deren Betreiber verantwortlich.<br>Haftungsausschluss:<br>Mit Urteil vom 12. Mai 1998 &#8211; 312 O 85\/98 &#8211; &#8222;Haftung f\u00fcr Links&#8220; hat das Landgericht Hamburg entschieden, dass man<br>durch die Ausbringung eines Links, die Inhalte der gelinkten Seite ggf. mit zu verantworten hat. Dies kann, so das<br>Landgericht nur dadurch verhindert werden, indem man sich ausdr\u00fccklich von diesen Inhalten distanziert. Der Betreiber<br>dieser Seiten hat auf dieser Homepage Links zu anderen Seiten im Internet gelegt. F\u00fcr alle diese Links gilt: Der Betreiber<br>dieser Homepage m\u00f6chte ausdr\u00fccklich betonen, dass er keinerlei Einfluss auf die Gestaltung und die Inhalte der gelinkten<br>Seiten hat. Deshalb distanziert sich der Betreiber hiermit ausdr\u00fccklich von allen Inhalten aller gelinkten Seiten auf dieser<br>Homepage. Diese Erkl\u00e4rung gilt f\u00fcr alle auf dieser Homepage ausgebrachten Links und f\u00fcr alle Inhalte der Seiten, zu<br>denen die Links f\u00fchren. F\u00fcr die zur Verf\u00fcgung gestellten Informationen und Daten ist eine Haftung oder Garantie f\u00fcr die<br>Aktualit\u00e4t, Richtigkeit und Vollst\u00e4ndigkeit ausgeschlossen. Der Betreiber dieser Homepage beh\u00e4lt sich, ohne<br>Ank\u00fcndigung, \u00c4nderungen oder Erg\u00e4nzungen der bereitgestellten Informationen und Daten vor. Zwischen dem Betreiber<br>und dem Nutzer dieser Homepage oder Dritten sind Rechte und Pflichten ausgeschlossen. Der Betreiber dieser Homepage<br>haftet weder f\u00fcr direkte noch indirekte Sch\u00e4den, die durch die Nutzung der Informationen und Daten, die auf dieser<br>Homepage zu finden sind, entstehen.<br>Keine Abmahnung ohne vorherigen Kontakt!<br>Sollte der Inhalt oder die Aufmachung dieser Homepage fremde Rechte Dritter oder gesetzliche Bestimmungen<br>verletzen, so bitten wir um eine entsprechende Nachricht ohne Kostennote. Der Betreiber dieser Homepage garantiert,<br>dass die zu Recht beanstandeten Inhalte unverz\u00fcglich ge\u00e4ndert oder entfernt werden, ohne dass von Ihrer Seite die<br>Einschaltung eines Rechtsbeistandes erforderlich ist. Ausgel\u00f6ste Kosten, ohne vorherige Kontaktaufnahme, werden wir<br>vollumf\u00e4nglich zur\u00fcckweisen und gegebenenfalls Gegenklage wegen Verletzung vorgenannter Bestimmungen einreichen.<\/p>\n","protected":false},"excerpt":{"rendered":"<p>Diese Seite wird betrieben von:Transporte Maly GmbHGutenbergstra\u00dfe 693128 RegenstaufTel.: +49 (0) 9402 &#8211; 2542Fax: +49 (0) 9402 &#8211; 4415E-Mail: dm@Transporte-Maly.deInternet: http:\/\/www.Transporte-Maly.deInhaber: Dieter Maly Eingetragen im Handelsregister Regensburg HRBBetriebsnummer HRB7666USt-Id-Nr. DE133632965 Disclaimer:Trotz sorgf\u00e4ltiger inhaltlicher Kontrolle \u00fcbernimmt der Betreiber keine Haftung f\u00fcr die Inhalte fremder Seiten, die \u00fcberdiese Seiten erreichbar sind. F\u00fcr den Inhalt der verlinkten Seiten [&hellip;]<\/p>\n","protected":false},"author":1,"featured_media":0,"parent":0,"menu_order":0,"comment_status":"closed","ping_status":"closed","template":"templeat-full-width.php","meta":{"footnotes":""},"class_list":["post-54","page","type-page","status-publish","hentry"],"_links":{"self":[{"href":"https:\/\/transporte-maly.de\/index.php?rest_route=\/wp\/v2\/pages\/54","targetHints":{"allow":["GET"]}}],"collection":[{"href":"https:\/\/transporte-maly.de\/index.php?rest_route=\/wp\/v2\/pages"}],"about":[{"href":"https:\/\/transporte-maly.de\/index.php?rest_route=\/wp\/v2\/types\/page"}],"author":[{"embeddable":true,"href":"https:\/\/transporte-maly.de\/index.php?rest_route=\/wp\/v2\/users\/1"}],"replies":[{"embeddable":true,"href":"https:\/\/transporte-maly.de\/index.php?rest_route=%2Fwp%2Fv2%2Fcomments&post=54"}],"version-history":[{"count":2,"href":"https:\/\/transporte-maly.de\/index.php?rest_route=\/wp\/v2\/pages\/54\/revisions"}],"predecessor-version":[{"id":86,"href":"https:\/\/transporte-maly.de\/index.php?rest_route=\/wp\/v2\/pages\/54\/revisions\/86"}],"wp:attachment":[{"href":"https:\/\/transporte-maly.de\/index.php?rest_route=%2Fwp%2Fv2%2Fmedia&parent=54"}],"curies":[{"name":"wp","href":"https:\/\/api.w.org\/{rel}","templated":true}]}}